{"id":5,"date":"2010-08-17T18:33:29","date_gmt":"2010-08-17T18:33:29","guid":{"rendered":"http:\/\/02b6675.netsolhost.com\/jkmsolutions\/PPPG\/?page_id=2"},"modified":"2019-05-24T17:38:51","modified_gmt":"2019-05-24T17:38:51","slug":"about-2","status":"publish","type":"page","link":"https:\/\/www.pppg.org\/?page_id=5","title":{"rendered":"Padre Pio Prayer Groups"},"content":{"rendered":"<h3><a href=\"http:\/\/www.pppg.org\/wp-content\/uploads\/2019\/05\/ENGLISH.pdf\" target=\"_blank\" rel=\"noopener noreferrer\">To All National and International Padre Pio Prayer Groups<\/a><\/h3>\n<p>&nbsp;<\/p>\n<h3><a href=\"http:\/\/www.pppg.org\/wp-content\/uploads\/2019\/05\/ESPANOL.pdf\" target=\"_blank\" rel=\"noopener noreferrer\">A todos los grupos de Oraci\u00f3n del Padre P\u00edo, nacionales e internacionales<\/a><\/h3>\n<p>&nbsp;<\/p>\n<h3><a href=\"http:\/\/www.pppg.org\/wp-content\/uploads\/2019\/05\/FRANCAIS.pdf\" target=\"_blank\" rel=\"noopener noreferrer\">Aux Groupes de Pri\u00e8re Nationaux et internationaux de Padre Pio<\/a><\/h3>\n<p>&nbsp;<\/p>\n<p>Please select from the following links to learn more about Padre Pio Prayer Groups:<\/p>\n<ul>\n<li><a href=\"http:\/\/www.pppg.org\/?page_id=21\">Origin of Padre Pio Prayer Groups<\/a><\/li>\n<li><a href=\"http:\/\/www.pppg.org\/?page_id=24\">Statutes<\/a><\/li>\n<li><a href=\"http:\/\/www.pppg.org\/?page_id=64\">Reflections<\/a><\/li>\n<li><a href=\"http:\/\/www.pppg.org\/?page_id=30\">International Information<\/a><\/li>\n<\/ul>\n","protected":false},"excerpt":{"rendered":"<p>To All National and International Padre Pio Prayer Groups &nbsp; A todos los grupos de Oraci\u00f3n del Padre P\u00edo, nacionales e internacionales &nbsp; Aux Groupes de Pri\u00e8re Nationaux et internationaux de Padre Pio &nbsp; Please select from the following links to learn more about Padre Pio Prayer Groups: Origin of Padre Pio Prayer Groups Statutes [&hellip;]<\/p>\n","protected":false},"author":1,"featured_media":0,"parent":0,"menu_order":2,"comment_status":"closed","ping_status":"closed","template":"","meta":{"footnotes":""},"class_list":["post-5","page","type-page","status-publish","hentry"],"_links":{"self":[{"href":"https:\/\/www.pppg.org\/index.php?rest_route=\/wp\/v2\/pages\/5","targetHints":{"allow":["GET"]}}],"collection":[{"href":"https:\/\/www.pppg.org\/index.php?rest_route=\/wp\/v2\/pages"}],"about":[{"href":"https:\/\/www.pppg.org\/index.php?rest_route=\/wp\/v2\/types\/page"}],"author":[{"embeddable":true,"href":"https:\/\/www.pppg.org\/index.php?rest_route=\/wp\/v2\/users\/1"}],"replies":[{"embeddable":true,"href":"https:\/\/www.pppg.org\/index.php?rest_route=%2Fwp%2Fv2%2Fcomments&post=5"}],"version-history":[{"count":9,"href":"https:\/\/www.pppg.org\/index.php?rest_route=\/wp\/v2\/pages\/5\/revisions"}],"predecessor-version":[{"id":1885,"href":"https:\/\/www.pppg.org\/index.php?rest_route=\/wp\/v2\/pages\/5\/revisions\/1885"}],"wp:attachment":[{"href":"https:\/\/www.pppg.org\/index.php?rest_route=%2Fwp%2Fv2%2Fmedia&parent=5"}],"curies":[{"name":"wp","href":"https:\/\/api.w.org\/{rel}","templated":true}]}}